{"id":257,"date":"2023-02-25T14:48:14","date_gmt":"2023-02-25T13:48:14","guid":{"rendered":"https:\/\/wop-studio.fr\/contact\/?page_id=257"},"modified":"2023-02-25T14:50:18","modified_gmt":"2023-02-25T13:50:18","slug":"noirot","status":"publish","type":"page","link":"https:\/\/wop-studio.fr\/contact\/noirot\/","title":{"rendered":"Noirot"},"content":{"rendered":"<p>[et_pb_section fb_built=\u00a0\u00bb1&Prime; _builder_version=\u00a0\u00bb4.18.0&Prime; _module_preset=\u00a0\u00bbdefault\u00a0\u00bb background_color=\u00a0\u00bb#222222&Prime; background_image=\u00a0\u00bbhttps:\/\/wop-studio.fr\/contact\/wp-content\/uploads\/sites\/3\/2023\/02\/bruit-wop.jpg\u00a0\u00bb background_size=\u00a0\u00bbcontain\u00a0\u00bb background_repeat=\u00a0\u00bbrepeat-y\u00a0\u00bb custom_padding=\u00a0\u00bb0px|4px|0px||false|false\u00a0\u00bb global_colors_info=\u00a0\u00bb{}\u00a0\u00bb][et_pb_row _builder_version=\u00a0\u00bb4.18.0&Prime; _module_preset=\u00a0\u00bbdefault\u00a0\u00bb width=\u00a0\u00bb90%\u00a0\u00bb min_height=\u00a0\u00bb670.1px\u00a0\u00bb custom_margin=\u00a0\u00bb|auto|-269px|auto||\u00a0\u00bb custom_padding=\u00a0\u00bb29px|6px|299px|1px||\u00a0\u00bb global_colors_info=\u00a0\u00bb{}\u00a0\u00bb][et_pb_column type=\u00a0\u00bb4_4&Prime; _builder_version=\u00a0\u00bb4.18.0&Prime; _module_preset=\u00a0\u00bbdefault\u00a0\u00bb global_colors_info=\u00a0\u00bb{}\u00a0\u00bb][et_pb_divider color=\u00a0\u00bb#FFFFFF\u00a0\u00bb _builder_version=\u00a0\u00bb4.18.0&Prime; _module_preset=\u00a0\u00bbdefault\u00a0\u00bb global_colors_info=\u00a0\u00bb{}\u00a0\u00bb][\/et_pb_divider][et_pb_text _builder_version=\u00a0\u00bb4.18.0&Prime; _module_preset=\u00a0\u00bbdefault\u00a0\u00bb text_text_color=\u00a0\u00bb#FFFFFF\u00a0\u00bb text_font_size=\u00a0\u00bb18px\u00a0\u00bb text_orientation=\u00a0\u00bbcenter\u00a0\u00bb custom_padding=\u00a0\u00bb0px||3px|||\u00a0\u00bb global_colors_info=\u00a0\u00bb{}\u00a0\u00bb]<\/p>\n<p class=\"p1\">Nous sommes <strong>WOP Studio<\/strong>, une <span style=\"color: #fb6513;\">soci\u00e9t\u00e9 de production<\/span> audiovisuelle ayant pour objectif de r\u00e9pondre \u00e0 vos besoins et de trouver <span style=\"color: #fb6513;\">les meilleures id\u00e9es<\/span> pour <span style=\"font-weight: 400;\">votre entreprise<\/span><span style=\"font-weight: 400;\">\u00a0!\u00a0<\/span><\/p>\n<p>[\/et_pb_text][et_pb_image src=\u00a0\u00bbhttps:\/\/wop-studio.fr\/contact\/wp-content\/uploads\/sites\/3\/2023\/02\/Image-de-la-video-pour-les-contacts-clients-v02.png\u00a0\u00bb title_text=\u00a0\u00bbImage de la vid\u00e9o pour les contacts clients v02&Prime; url=\u00a0\u00bbhttps:\/\/www.youtube.com\/watch?v=cAorY1fqL1E\u00a0\u00bb _builder_version=\u00a0\u00bb4.18.0&Prime; _module_preset=\u00a0\u00bbdefault\u00a0\u00bb global_colors_info=\u00a0\u00bb{}\u00a0\u00bb][\/et_pb_image][et_pb_divider color=\u00a0\u00bb#FFFFFF\u00a0\u00bb _builder_version=\u00a0\u00bb4.18.0&Prime; _module_preset=\u00a0\u00bbdefault\u00a0\u00bb global_colors_info=\u00a0\u00bb{}\u00a0\u00bb][\/et_pb_divider][et_pb_text _builder_version=\u00a0\u00bb4.18.0&Prime; _module_preset=\u00a0\u00bbdefault\u00a0\u00bb text_text_color=\u00a0\u00bb#FFFFFF\u00a0\u00bb text_font_size=\u00a0\u00bb16px\u00a0\u00bb min_height=\u00a0\u00bb283px\u00a0\u00bb custom_margin=\u00a0\u00bb||-5px|||\u00a0\u00bb custom_padding=\u00a0\u00bb0px||13px|||\u00a0\u00bb hover_enabled=\u00a0\u00bb0&Prime; inline_fonts=\u00a0\u00bbMonument\u00a0\u00bb global_colors_info=\u00a0\u00bb{}\u00a0\u00bb sticky_enabled=\u00a0\u00bb0&Prime;]<\/p>\n<p class=\"p1\"><span style=\"font-family: inherit;\">D\u2019apr\u00e8s nos recherches, nous avons constat\u00e9 que nous pourrions <span style=\"color: #fb6513;\">vous aider<\/span> sur ces diff\u00e9rents points :<span class=\"Apple-converted-space\">\u00a0<\/span><\/span><span style=\"font-family: inherit;\"><span class=\"Apple-converted-space\"><\/span><\/span><\/p>\n<ul>\n<li class=\"p1\"><span style=\"font-weight: 400;\">Faire le bilan sur vos progressions et les points \u00e0 am\u00e9liorer\u00a0;<\/span><\/li>\n<li class=\"p1\"><span style=\"font-weight: 400;\">Promouvoir votre \u00e9quipement ;<\/span><\/li>\n<li class=\"p1\"><span style=\"font-weight: 400;\">Communiquer sur votre savoir-faire.<\/span><\/li>\n<\/ul>\n<p class=\"p1\"><span style=\"font-family: inherit;\"><span style=\"color: #fb6513;\">Les solutions<\/span> que<strong> nous pourrions vous apporter :<\/strong><span class=\"Apple-converted-space\">\u00a0<\/span><\/span><\/p>\n<p class=\"p1\"><span class=\"Apple-converted-space\" style=\"font-family: inherit;\"><\/span><\/p>\n<ul>\n<li class=\"p1\"><span style=\"font-weight: 400;\">Un bilan annuel r\u00e9alis\u00e9 en vid\u00e9o, retra\u00e7ant les avanc\u00e9s et les points importants de l\u2019ann\u00e9e\u00a0;<\/span><\/li>\n<li class=\"p1\"><span style=\"font-weight: 400;\">Des spots publicitaires\u00a0;<\/span><\/li>\n<li class=\"p1\"><span style=\"font-weight: 400;\">Mise en place d\u2019une plateforme permettant de communiquer sur vos connaissances et comp\u00e9tences, ainsi que d\u2019avoir un service client attractif et moderne.<\/span><\/li>\n<\/ul>\n<p>[\/et_pb_text][et_pb_divider color=\u00a0\u00bb#FFFFFF\u00a0\u00bb _builder_version=\u00a0\u00bb4.18.0&Prime; _module_preset=\u00a0\u00bbdefault\u00a0\u00bb min_height=\u00a0\u00bb0px\u00a0\u00bb custom_margin=\u00a0\u00bb6px||24px|||\u00a0\u00bb custom_padding=\u00a0\u00bb0px||0px|||\u00a0\u00bb global_colors_info=\u00a0\u00bb{}\u00a0\u00bb][\/et_pb_divider][et_pb_text _builder_version=\u00a0\u00bb4.18.0&Prime; _module_preset=\u00a0\u00bbdefault\u00a0\u00bb text_text_color=\u00a0\u00bb#FFFFFF\u00a0\u00bb text_font_size=\u00a0\u00bb18px\u00a0\u00bb text_orientation=\u00a0\u00bbcenter\u00a0\u00bb min_height=\u00a0\u00bb101.4px\u00a0\u00bb hover_enabled=\u00a0\u00bb0&Prime; global_colors_info=\u00a0\u00bb{}\u00a0\u00bb sticky_enabled=\u00a0\u00bb0&Prime;]<\/p>\n<p class=\"p1\">En effet, \u00e9tant <span style=\"color: #fb6513;\">sp\u00e9cialis\u00e9s<\/span> dans la r\u00e9alisation de vid\u00e9o institutionnelle et promotionnelle, ainsi que dans la communication visuelle, <strong><span style=\"font-weight: 400;\">nous aimerions discuter <\/span><\/strong>avec vous concernant la faisabilit\u00e9 de <span style=\"color: #fb6513;\">votre projet.<span class=\"Apple-converted-space\">\u00a0<\/span><\/span><\/p>\n<p class=\"p1\">2023 est <span style=\"color: #fb6513;\">l\u2019ann\u00e9e de l\u2019innovation<\/span> et des nouveaut\u00e9s, <span style=\"color: #fb6513;\">adaptez-vous<\/span> au monde qui vous entoure !<\/p>\n<p>[\/et_pb_text][et_pb_image src=\u00a0\u00bbhttps:\/\/wop-studio.fr\/contact\/wp-content\/uploads\/sites\/3\/2023\/02\/DSC00434.jpg\u00a0\u00bb title_text=\u00a0\u00bbDSC00434&Prime; url=\u00a0\u00bbhttps:\/\/wop-studio.fr\/a-propos\/\u00a0\u00bb align=\u00a0\u00bbcenter\u00a0\u00bb _builder_version=\u00a0\u00bb4.18.0&Prime; _module_preset=\u00a0\u00bbdefault\u00a0\u00bb global_colors_info=\u00a0\u00bb{}\u00a0\u00bb][\/et_pb_image][\/et_pb_column][\/et_pb_row][\/et_pb_section]<\/p>\n","protected":false},"excerpt":{"rendered":"<p>Nous sommes WOP Studio, une soci\u00e9t\u00e9 de production audiovisuelle ayant pour objectif de r\u00e9pondre \u00e0 vos besoins et de trouver les meilleures id\u00e9es pour votre entreprise\u00a0!\u00a0D\u2019apr\u00e8s nos recherches, nous avons constat\u00e9 que nous pourrions vous aider sur ces diff\u00e9rents points :\u00a0 Faire le bilan sur vos progressions et les points \u00e0 am\u00e9liorer\u00a0; Promouvoir votre \u00e9quipement [&hellip;]<\/p>\n","protected":false},"author":2,"featured_media":0,"parent":0,"menu_order":0,"comment_status":"closed","ping_status":"closed","template":"","meta":{"_et_pb_use_builder":"on","_et_pb_old_content":"","_et_gb_content_width":"","_vp_format_video_url":"","_vp_image_focal_point":[]},"acf":[],"yoast_head":"<!-- This site is optimized with the Yoast SEO plugin v20.7 - https:\/\/yoast.com\/wordpress\/plugins\/seo\/ -->\n<title>Noirot - Contact<\/title>\n<meta name=\"robots\" content=\"index, follow, max-snippet:-1, max-image-preview:large, max-video-preview:-1\" \/>\n<link rel=\"canonical\" href=\"https:\/\/wop-studio.fr\/contact\/noirot\/\" \/>\n<meta property=\"og:locale\" content=\"fr_FR\" \/>\n<meta property=\"og:type\" content=\"article\" \/>\n<meta property=\"og:title\" content=\"Noirot - Contact\" \/>\n<meta property=\"og:description\" content=\"Nous sommes WOP Studio, une soci\u00e9t\u00e9 de production audiovisuelle ayant pour objectif de r\u00e9pondre \u00e0 vos besoins et de trouver les meilleures id\u00e9es pour votre entreprise\u00a0!\u00a0D\u2019apr\u00e8s nos recherches, nous avons constat\u00e9 que nous pourrions vous aider sur ces diff\u00e9rents points :\u00a0 Faire le bilan sur vos progressions et les points \u00e0 am\u00e9liorer\u00a0; Promouvoir votre \u00e9quipement [&hellip;]\" \/>\n<meta property=\"og:url\" content=\"https:\/\/wop-studio.fr\/contact\/noirot\/\" \/>\n<meta property=\"og:site_name\" content=\"Contact\" \/>\n<meta property=\"article:modified_time\" content=\"2023-02-25T13:50:18+00:00\" \/>\n<meta name=\"twitter:card\" content=\"summary_large_image\" \/>\n<meta name=\"twitter:label1\" content=\"Dur\u00e9e de lecture estim\u00e9e\" \/>\n\t<meta name=\"twitter:data1\" content=\"2 minutes\" \/>\n<script type=\"application\/ld+json\" class=\"yoast-schema-graph\">{\"@context\":\"https:\/\/schema.org\",\"@graph\":[{\"@type\":\"WebPage\",\"@id\":\"https:\/\/wop-studio.fr\/contact\/noirot\/\",\"url\":\"https:\/\/wop-studio.fr\/contact\/noirot\/\",\"name\":\"Noirot - Contact\",\"isPartOf\":{\"@id\":\"https:\/\/wop-studio.fr\/contact\/#website\"},\"datePublished\":\"2023-02-25T13:48:14+00:00\",\"dateModified\":\"2023-02-25T13:50:18+00:00\",\"breadcrumb\":{\"@id\":\"https:\/\/wop-studio.fr\/contact\/noirot\/#breadcrumb\"},\"inLanguage\":\"fr-FR\",\"potentialAction\":[{\"@type\":\"ReadAction\",\"target\":[\"https:\/\/wop-studio.fr\/contact\/noirot\/\"]}]},{\"@type\":\"BreadcrumbList\",\"@id\":\"https:\/\/wop-studio.fr\/contact\/noirot\/#breadcrumb\",\"itemListElement\":[{\"@type\":\"ListItem\",\"position\":1,\"name\":\"Accueil\",\"item\":\"https:\/\/wop-studio.fr\/contact\/\"},{\"@type\":\"ListItem\",\"position\":2,\"name\":\"Noirot\"}]},{\"@type\":\"WebSite\",\"@id\":\"https:\/\/wop-studio.fr\/contact\/#website\",\"url\":\"https:\/\/wop-studio.fr\/contact\/\",\"name\":\"Contact\",\"description\":\"\",\"potentialAction\":[{\"@type\":\"SearchAction\",\"target\":{\"@type\":\"EntryPoint\",\"urlTemplate\":\"https:\/\/wop-studio.fr\/contact\/?s={search_term_string}\"},\"query-input\":\"required name=search_term_string\"}],\"inLanguage\":\"fr-FR\"}]}<\/script>\n<!-- \/ Yoast SEO plugin. -->","yoast_head_json":{"title":"Noirot - Contact","robots":{"index":"index","follow":"follow","max-snippet":"max-snippet:-1","max-image-preview":"max-image-preview:large","max-video-preview":"max-video-preview:-1"},"canonical":"https:\/\/wop-studio.fr\/contact\/noirot\/","og_locale":"fr_FR","og_type":"article","og_title":"Noirot - Contact","og_description":"Nous sommes WOP Studio, une soci\u00e9t\u00e9 de production audiovisuelle ayant pour objectif de r\u00e9pondre \u00e0 vos besoins et de trouver les meilleures id\u00e9es pour votre entreprise\u00a0!\u00a0D\u2019apr\u00e8s nos recherches, nous avons constat\u00e9 que nous pourrions vous aider sur ces diff\u00e9rents points :\u00a0 Faire le bilan sur vos progressions et les points \u00e0 am\u00e9liorer\u00a0; Promouvoir votre \u00e9quipement [&hellip;]","og_url":"https:\/\/wop-studio.fr\/contact\/noirot\/","og_site_name":"Contact","article_modified_time":"2023-02-25T13:50:18+00:00","twitter_card":"summary_large_image","twitter_misc":{"Dur\u00e9e de lecture estim\u00e9e":"2 minutes"},"schema":{"@context":"https:\/\/schema.org","@graph":[{"@type":"WebPage","@id":"https:\/\/wop-studio.fr\/contact\/noirot\/","url":"https:\/\/wop-studio.fr\/contact\/noirot\/","name":"Noirot - Contact","isPartOf":{"@id":"https:\/\/wop-studio.fr\/contact\/#website"},"datePublished":"2023-02-25T13:48:14+00:00","dateModified":"2023-02-25T13:50:18+00:00","breadcrumb":{"@id":"https:\/\/wop-studio.fr\/contact\/noirot\/#breadcrumb"},"inLanguage":"fr-FR","potentialAction":[{"@type":"ReadAction","target":["https:\/\/wop-studio.fr\/contact\/noirot\/"]}]},{"@type":"BreadcrumbList","@id":"https:\/\/wop-studio.fr\/contact\/noirot\/#breadcrumb","itemListElement":[{"@type":"ListItem","position":1,"name":"Accueil","item":"https:\/\/wop-studio.fr\/contact\/"},{"@type":"ListItem","position":2,"name":"Noirot"}]},{"@type":"WebSite","@id":"https:\/\/wop-studio.fr\/contact\/#website","url":"https:\/\/wop-studio.fr\/contact\/","name":"Contact","description":"","potentialAction":[{"@type":"SearchAction","target":{"@type":"EntryPoint","urlTemplate":"https:\/\/wop-studio.fr\/contact\/?s={search_term_string}"},"query-input":"required name=search_term_string"}],"inLanguage":"fr-FR"}]}},"_links":{"self":[{"href":"https:\/\/wop-studio.fr\/contact\/wp-json\/wp\/v2\/pages\/257"}],"collection":[{"href":"https:\/\/wop-studio.fr\/contact\/wp-json\/wp\/v2\/pages"}],"about":[{"href":"https:\/\/wop-studio.fr\/contact\/wp-json\/wp\/v2\/types\/page"}],"author":[{"embeddable":true,"href":"https:\/\/wop-studio.fr\/contact\/wp-json\/wp\/v2\/users\/2"}],"replies":[{"embeddable":true,"href":"https:\/\/wop-studio.fr\/contact\/wp-json\/wp\/v2\/comments?post=257"}],"version-history":[{"count":2,"href":"https:\/\/wop-studio.fr\/contact\/wp-json\/wp\/v2\/pages\/257\/revisions"}],"predecessor-version":[{"id":259,"href":"https:\/\/wop-studio.fr\/contact\/wp-json\/wp\/v2\/pages\/257\/revisions\/259"}],"wp:attachment":[{"href":"https:\/\/wop-studio.fr\/contact\/wp-json\/wp\/v2\/media?parent=257"}],"curies":[{"name":"wp","href":"https:\/\/api.w.org\/{rel}","templated":true}]}}