{"id":133,"date":"2023-02-25T10:51:28","date_gmt":"2023-02-25T09:51:28","guid":{"rendered":"https:\/\/wop-studio.fr\/contact\/?page_id=133"},"modified":"2023-02-25T10:55:52","modified_gmt":"2023-02-25T09:55:52","slug":"bofrost","status":"publish","type":"page","link":"https:\/\/wop-studio.fr\/contact\/bofrost\/","title":{"rendered":"Bofrost"},"content":{"rendered":"<p>[et_pb_section fb_built=\u00a0\u00bb1&Prime; _builder_version=\u00a0\u00bb4.18.0&Prime; _module_preset=\u00a0\u00bbdefault\u00a0\u00bb background_color=\u00a0\u00bb#222222&Prime; background_image=\u00a0\u00bbhttps:\/\/wop-studio.fr\/contact\/wp-content\/uploads\/sites\/3\/2023\/02\/bruit-wop.jpg\u00a0\u00bb background_size=\u00a0\u00bbcontain\u00a0\u00bb background_repeat=\u00a0\u00bbrepeat-y\u00a0\u00bb custom_padding=\u00a0\u00bb0px|4px|0px||false|false\u00a0\u00bb global_colors_info=\u00a0\u00bb{}\u00a0\u00bb][et_pb_row _builder_version=\u00a0\u00bb4.18.0&Prime; _module_preset=\u00a0\u00bbdefault\u00a0\u00bb width=\u00a0\u00bb90%\u00a0\u00bb min_height=\u00a0\u00bb670.1px\u00a0\u00bb custom_margin=\u00a0\u00bb|auto|-269px|auto||\u00a0\u00bb custom_padding=\u00a0\u00bb29px|0px|299px|1px||\u00a0\u00bb global_colors_info=\u00a0\u00bb{}\u00a0\u00bb][et_pb_column type=\u00a0\u00bb4_4&Prime; _builder_version=\u00a0\u00bb4.18.0&Prime; _module_preset=\u00a0\u00bbdefault\u00a0\u00bb global_colors_info=\u00a0\u00bb{}\u00a0\u00bb][et_pb_divider color=\u00a0\u00bb#FFFFFF\u00a0\u00bb _builder_version=\u00a0\u00bb4.18.0&Prime; _module_preset=\u00a0\u00bbdefault\u00a0\u00bb global_colors_info=\u00a0\u00bb{}\u00a0\u00bb][\/et_pb_divider][et_pb_text _builder_version=\u00a0\u00bb4.18.0&Prime; _module_preset=\u00a0\u00bbdefault\u00a0\u00bb text_text_color=\u00a0\u00bb#FFFFFF\u00a0\u00bb text_font_size=\u00a0\u00bb18px\u00a0\u00bb text_orientation=\u00a0\u00bbcenter\u00a0\u00bb custom_padding=\u00a0\u00bb0px||3px|||\u00a0\u00bb global_colors_info=\u00a0\u00bb{}\u00a0\u00bb]<\/p>\n<p class=\"p1\">Nous sommes <strong>WOP Studio<\/strong>, une <span style=\"color: #fb6513;\">soci\u00e9t\u00e9 de production<\/span> audiovisuelle ayant pour objectif de r\u00e9pondre \u00e0 vos besoins et de trouver <span style=\"color: #fb6513;\">les meilleures id\u00e9es<\/span> pour votre entreprise !<span class=\"Apple-converted-space\">\u00a0<\/span><\/p>\n<p>[\/et_pb_text][et_pb_image src=\u00a0\u00bbhttps:\/\/wop-studio.fr\/contact\/wp-content\/uploads\/sites\/3\/2023\/02\/Image-de-la-video-pour-les-contacts-clients-v02.png\u00a0\u00bb title_text=\u00a0\u00bbImage de la vid\u00e9o pour les contacts clients v02&Prime; url=\u00a0\u00bbhttps:\/\/www.youtube.com\/watch?v=cAorY1fqL1E\u00a0\u00bb _builder_version=\u00a0\u00bb4.18.0&Prime; _module_preset=\u00a0\u00bbdefault\u00a0\u00bb global_colors_info=\u00a0\u00bb{}\u00a0\u00bb][\/et_pb_image][et_pb_divider color=\u00a0\u00bb#FFFFFF\u00a0\u00bb _builder_version=\u00a0\u00bb4.18.0&Prime; _module_preset=\u00a0\u00bbdefault\u00a0\u00bb global_colors_info=\u00a0\u00bb{}\u00a0\u00bb][\/et_pb_divider][et_pb_text _builder_version=\u00a0\u00bb4.18.0&Prime; _module_preset=\u00a0\u00bbdefault\u00a0\u00bb text_text_color=\u00a0\u00bb#FFFFFF\u00a0\u00bb text_font_size=\u00a0\u00bb16px\u00a0\u00bb min_height=\u00a0\u00bb336px\u00a0\u00bb custom_padding=\u00a0\u00bb0px|||||\u00a0\u00bb hover_enabled=\u00a0\u00bb0&Prime; inline_fonts=\u00a0\u00bbMonument\u00a0\u00bb global_colors_info=\u00a0\u00bb{}\u00a0\u00bb sticky_enabled=\u00a0\u00bb0&Prime;]<\/p>\n<p class=\"p1\"><span style=\"font-family: inherit;\">D\u2019apr\u00e8s nos recherches, nous avons constat\u00e9 que nous pourrions <span style=\"color: #fb6513;\">vous aider<\/span> sur ces diff\u00e9rents points :<span class=\"Apple-converted-space\">\u00a0<\/span><\/span><\/p>\n<ul>\n<li class=\"p1\"><span style=\"font-weight: 400;\">La communication entre les diff\u00e9rents salari\u00e9s, pour les tenir au courant des actualit\u00e9s et des nouveaut\u00e9s au sein de l\u2019entreprise\u00a0;<\/span><\/li>\n<li class=\"p1\"><span style=\"font-weight: 400;\">La mise en avant de vos produits et la d\u00e9monstration de comment les utiliser ;<\/span><br \/><span style=\"font-weight: 400;\"><\/span><span style=\"font-weight: 400;\"><\/span><\/li>\n<li class=\"p1\"><span style=\"font-weight: 400;\">La promotion de votre entreprise, pourquoi vous d\u00e9marquez-vous de vos concurrents.<\/span><br \/><span style=\"font-weight: 400;\"><\/span><\/li>\n<li class=\"p1\"><span style=\"font-weight: 400;\">S\u2019assurer que vos nouveaux employ\u00e9s soient form\u00e9s sur les mesures d\u2019hygi\u00e8ne, de s\u00e9curit\u00e9, et que les anciens le restent.<\/span><span style=\"font-weight: 400;\"><\/span><span style=\"font-weight: 400;\"><\/span><\/li>\n<\/ul>\n<p class=\"p1\"><span style=\"font-family: inherit;\"><span style=\"color: #fb6513;\">Les solutions<\/span> que<strong> nous pourrions vous apporter :<\/strong><span class=\"Apple-converted-space\">\u00a0<\/span><\/span><\/p>\n<p class=\"p1\"><span class=\"Apple-converted-space\" style=\"font-family: inherit;\"><\/span><\/p>\n<ul>\n<li class=\"p1\"><span style=\"font-weight: 400;\">Un rapport annuel r\u00e9alis\u00e9 en vid\u00e9o pour faciliter l\u2019\u00e9change et l\u2019acc\u00e8s aux informations \u00e0 vos salari\u00e9s\u00a0;<\/span><\/li>\n<li class=\"p1\"><span style=\"font-weight: 400;\">Des capsules vid\u00e9o recette, avec vos diff\u00e9rents produits\u00a0: filmer en live ou r\u00e9aliser en stop-motion\u00a0;<\/span><\/li>\n<li class=\"p1\"><span style=\"font-weight: 400;\">Des spots publicitaires, par exemple\u00a0: des vid\u00e9os contemplatives de recette, des vid\u00e9os en motion design ou des mises en situation\u00a0;<\/span><\/li>\n<li class=\"p1\"><span style=\"font-weight: 400;\">Des capsules vid\u00e9o expliquant comment se d\u00e9roule la commande avec vous et ses avantages.<\/span><\/li>\n<li class=\"p1\"><span style=\"font-weight: 400;\">Num\u00e9risation de votre savoir-faire, sous forme de capsules vid\u00e9o, r\u00e9uni sur une plateforme personnalis\u00e9e pour votre entreprise.<\/span><\/li>\n<\/ul>\n<p>[\/et_pb_text][et_pb_divider color=\u00a0\u00bb#FFFFFF\u00a0\u00bb _builder_version=\u00a0\u00bb4.18.0&Prime; _module_preset=\u00a0\u00bbdefault\u00a0\u00bb custom_margin=\u00a0\u00bb-30px||24px|||\u00a0\u00bb custom_padding=\u00a0\u00bb||0px|||\u00a0\u00bb global_colors_info=\u00a0\u00bb{}\u00a0\u00bb][\/et_pb_divider][et_pb_text _builder_version=\u00a0\u00bb4.18.0&Prime; _module_preset=\u00a0\u00bbdefault\u00a0\u00bb text_text_color=\u00a0\u00bb#FFFFFF\u00a0\u00bb text_font_size=\u00a0\u00bb18px\u00a0\u00bb text_orientation=\u00a0\u00bbcenter\u00a0\u00bb min_height=\u00a0\u00bb101.4px\u00a0\u00bb hover_enabled=\u00a0\u00bb0&Prime; global_colors_info=\u00a0\u00bb{}\u00a0\u00bb sticky_enabled=\u00a0\u00bb0&Prime;]<\/p>\n<p class=\"p1\">En effet, \u00e9tant <span style=\"color: #fb6513;\">sp\u00e9cialis\u00e9s<\/span> dans la production de <strong>vid\u00e9o de formation et institutionnelle <\/strong>ainsi que de\u00a0la communication visuelle, nous aimerions discuter avec vous concernant la faisabilit\u00e9 de <span style=\"color: #fb6513;\">votre projet.<span class=\"Apple-converted-space\">\u00a0<\/span><\/span><\/p>\n<p class=\"p1\">2023 est <span style=\"color: #fb6513;\">l\u2019ann\u00e9e de l\u2019innovation<\/span> et des nouveaut\u00e9s, <span style=\"color: #fb6513;\">adaptez-vous<\/span> au monde qui vous entoure !<\/p>\n<p>[\/et_pb_text][et_pb_image src=\u00a0\u00bbhttps:\/\/wop-studio.fr\/contact\/wp-content\/uploads\/sites\/3\/2023\/02\/DSC00434.jpg\u00a0\u00bb title_text=\u00a0\u00bbDSC00434&Prime; url=\u00a0\u00bbhttps:\/\/wop-studio.fr\/a-propos\/\u00a0\u00bb align=\u00a0\u00bbcenter\u00a0\u00bb _builder_version=\u00a0\u00bb4.18.0&Prime; _module_preset=\u00a0\u00bbdefault\u00a0\u00bb global_colors_info=\u00a0\u00bb{}\u00a0\u00bb][\/et_pb_image][\/et_pb_column][\/et_pb_row][\/et_pb_section]<\/p>\n","protected":false},"excerpt":{"rendered":"<p>Nous sommes WOP Studio, une soci\u00e9t\u00e9 de production audiovisuelle ayant pour objectif de r\u00e9pondre \u00e0 vos besoins et de trouver les meilleures id\u00e9es pour votre entreprise !\u00a0D\u2019apr\u00e8s nos recherches, nous avons constat\u00e9 que nous pourrions vous aider sur ces diff\u00e9rents points :\u00a0 La communication entre les diff\u00e9rents salari\u00e9s, pour les tenir au courant des actualit\u00e9s [&hellip;]<\/p>\n","protected":false},"author":2,"featured_media":0,"parent":0,"menu_order":0,"comment_status":"closed","ping_status":"closed","template":"","meta":{"_et_pb_use_builder":"on","_et_pb_old_content":"","_et_gb_content_width":"","_vp_format_video_url":"","_vp_image_focal_point":[]},"acf":[],"yoast_head":"<!-- This site is optimized with the Yoast SEO plugin v20.7 - https:\/\/yoast.com\/wordpress\/plugins\/seo\/ -->\n<title>Bofrost - Contact<\/title>\n<meta name=\"robots\" content=\"index, follow, max-snippet:-1, max-image-preview:large, max-video-preview:-1\" \/>\n<link rel=\"canonical\" href=\"https:\/\/wop-studio.fr\/contact\/bofrost\/\" \/>\n<meta property=\"og:locale\" content=\"fr_FR\" \/>\n<meta property=\"og:type\" content=\"article\" \/>\n<meta property=\"og:title\" content=\"Bofrost - Contact\" \/>\n<meta property=\"og:description\" content=\"Nous sommes WOP Studio, une soci\u00e9t\u00e9 de production audiovisuelle ayant pour objectif de r\u00e9pondre \u00e0 vos besoins et de trouver les meilleures id\u00e9es pour votre entreprise !\u00a0D\u2019apr\u00e8s nos recherches, nous avons constat\u00e9 que nous pourrions vous aider sur ces diff\u00e9rents points :\u00a0 La communication entre les diff\u00e9rents salari\u00e9s, pour les tenir au courant des actualit\u00e9s [&hellip;]\" \/>\n<meta property=\"og:url\" content=\"https:\/\/wop-studio.fr\/contact\/bofrost\/\" \/>\n<meta property=\"og:site_name\" content=\"Contact\" \/>\n<meta property=\"article:modified_time\" content=\"2023-02-25T09:55:52+00:00\" \/>\n<meta name=\"twitter:card\" content=\"summary_large_image\" \/>\n<meta name=\"twitter:label1\" content=\"Dur\u00e9e de lecture estim\u00e9e\" \/>\n\t<meta name=\"twitter:data1\" content=\"2 minutes\" \/>\n<script type=\"application\/ld+json\" class=\"yoast-schema-graph\">{\"@context\":\"https:\/\/schema.org\",\"@graph\":[{\"@type\":\"WebPage\",\"@id\":\"https:\/\/wop-studio.fr\/contact\/bofrost\/\",\"url\":\"https:\/\/wop-studio.fr\/contact\/bofrost\/\",\"name\":\"Bofrost - Contact\",\"isPartOf\":{\"@id\":\"https:\/\/wop-studio.fr\/contact\/#website\"},\"datePublished\":\"2023-02-25T09:51:28+00:00\",\"dateModified\":\"2023-02-25T09:55:52+00:00\",\"breadcrumb\":{\"@id\":\"https:\/\/wop-studio.fr\/contact\/bofrost\/#breadcrumb\"},\"inLanguage\":\"fr-FR\",\"potentialAction\":[{\"@type\":\"ReadAction\",\"target\":[\"https:\/\/wop-studio.fr\/contact\/bofrost\/\"]}]},{\"@type\":\"BreadcrumbList\",\"@id\":\"https:\/\/wop-studio.fr\/contact\/bofrost\/#breadcrumb\",\"itemListElement\":[{\"@type\":\"ListItem\",\"position\":1,\"name\":\"Accueil\",\"item\":\"https:\/\/wop-studio.fr\/contact\/\"},{\"@type\":\"ListItem\",\"position\":2,\"name\":\"Bofrost\"}]},{\"@type\":\"WebSite\",\"@id\":\"https:\/\/wop-studio.fr\/contact\/#website\",\"url\":\"https:\/\/wop-studio.fr\/contact\/\",\"name\":\"Contact\",\"description\":\"\",\"potentialAction\":[{\"@type\":\"SearchAction\",\"target\":{\"@type\":\"EntryPoint\",\"urlTemplate\":\"https:\/\/wop-studio.fr\/contact\/?s={search_term_string}\"},\"query-input\":\"required name=search_term_string\"}],\"inLanguage\":\"fr-FR\"}]}<\/script>\n<!-- \/ Yoast SEO plugin. -->","yoast_head_json":{"title":"Bofrost - Contact","robots":{"index":"index","follow":"follow","max-snippet":"max-snippet:-1","max-image-preview":"max-image-preview:large","max-video-preview":"max-video-preview:-1"},"canonical":"https:\/\/wop-studio.fr\/contact\/bofrost\/","og_locale":"fr_FR","og_type":"article","og_title":"Bofrost - Contact","og_description":"Nous sommes WOP Studio, une soci\u00e9t\u00e9 de production audiovisuelle ayant pour objectif de r\u00e9pondre \u00e0 vos besoins et de trouver les meilleures id\u00e9es pour votre entreprise !\u00a0D\u2019apr\u00e8s nos recherches, nous avons constat\u00e9 que nous pourrions vous aider sur ces diff\u00e9rents points :\u00a0 La communication entre les diff\u00e9rents salari\u00e9s, pour les tenir au courant des actualit\u00e9s [&hellip;]","og_url":"https:\/\/wop-studio.fr\/contact\/bofrost\/","og_site_name":"Contact","article_modified_time":"2023-02-25T09:55:52+00:00","twitter_card":"summary_large_image","twitter_misc":{"Dur\u00e9e de lecture estim\u00e9e":"2 minutes"},"schema":{"@context":"https:\/\/schema.org","@graph":[{"@type":"WebPage","@id":"https:\/\/wop-studio.fr\/contact\/bofrost\/","url":"https:\/\/wop-studio.fr\/contact\/bofrost\/","name":"Bofrost - Contact","isPartOf":{"@id":"https:\/\/wop-studio.fr\/contact\/#website"},"datePublished":"2023-02-25T09:51:28+00:00","dateModified":"2023-02-25T09:55:52+00:00","breadcrumb":{"@id":"https:\/\/wop-studio.fr\/contact\/bofrost\/#breadcrumb"},"inLanguage":"fr-FR","potentialAction":[{"@type":"ReadAction","target":["https:\/\/wop-studio.fr\/contact\/bofrost\/"]}]},{"@type":"BreadcrumbList","@id":"https:\/\/wop-studio.fr\/contact\/bofrost\/#breadcrumb","itemListElement":[{"@type":"ListItem","position":1,"name":"Accueil","item":"https:\/\/wop-studio.fr\/contact\/"},{"@type":"ListItem","position":2,"name":"Bofrost"}]},{"@type":"WebSite","@id":"https:\/\/wop-studio.fr\/contact\/#website","url":"https:\/\/wop-studio.fr\/contact\/","name":"Contact","description":"","potentialAction":[{"@type":"SearchAction","target":{"@type":"EntryPoint","urlTemplate":"https:\/\/wop-studio.fr\/contact\/?s={search_term_string}"},"query-input":"required name=search_term_string"}],"inLanguage":"fr-FR"}]}},"_links":{"self":[{"href":"https:\/\/wop-studio.fr\/contact\/wp-json\/wp\/v2\/pages\/133"}],"collection":[{"href":"https:\/\/wop-studio.fr\/contact\/wp-json\/wp\/v2\/pages"}],"about":[{"href":"https:\/\/wop-studio.fr\/contact\/wp-json\/wp\/v2\/types\/page"}],"author":[{"embeddable":true,"href":"https:\/\/wop-studio.fr\/contact\/wp-json\/wp\/v2\/users\/2"}],"replies":[{"embeddable":true,"href":"https:\/\/wop-studio.fr\/contact\/wp-json\/wp\/v2\/comments?post=133"}],"version-history":[{"count":2,"href":"https:\/\/wop-studio.fr\/contact\/wp-json\/wp\/v2\/pages\/133\/revisions"}],"predecessor-version":[{"id":135,"href":"https:\/\/wop-studio.fr\/contact\/wp-json\/wp\/v2\/pages\/133\/revisions\/135"}],"wp:attachment":[{"href":"https:\/\/wop-studio.fr\/contact\/wp-json\/wp\/v2\/media?parent=133"}],"curies":[{"name":"wp","href":"https:\/\/api.w.org\/{rel}","templated":true}]}}